{"id":1206,"date":"2024-04-22T00:51:16","date_gmt":"2024-04-22T03:51:16","guid":{"rendered":"https:\/\/eblbrasfoot.com\/wikiebl\/?page_id=1206"},"modified":"2024-05-01T00:54:52","modified_gmt":"2024-05-01T03:54:52","slug":"divisao-4","status":"publish","type":"page","link":"https:\/\/eblbrasfoot.com\/wikiebl\/divisao-4\/","title":{"rendered":"Divis\u00e3o 4"},"content":{"rendered":"<div class=\"su-tabs su-tabs-style-default su-tabs-mobile-stack\" data-active=\"1\" data-scroll-offset=\"0\" data-anchor-in-url=\"no\"><div class=\"su-tabs-nav\"><span class=\"\" data-url=\"\" data-target=\"blank\" tabindex=\"0\" role=\"button\">Temporada 1<\/span><span class=\"\" data-url=\"\" data-target=\"blank\" tabindex=\"0\" role=\"button\">Temporada 2<\/span><span class=\"\" data-url=\"\" data-target=\"blank\" tabindex=\"0\" role=\"button\">Temporada 3<\/span><span class=\"\" data-url=\"\" data-target=\"blank\" tabindex=\"0\" role=\"button\">Temporada 4<\/span><span class=\"\" data-url=\"\" data-target=\"blank\" tabindex=\"0\" role=\"button\">Temporada 5<\/span><span class=\"\" data-url=\"\" data-target=\"blank\" tabindex=\"0\" role=\"button\">Temporada 6<\/span><\/div><div class=\"su-tabs-panes\"><div class=\"su-tabs-pane su-u-clearfix su-u-trim\" data-title=\"Temporada 1\"><div class=\"sportspress sp-widget-align-none\"><div class=\"sp-template sp-template-league-table\">\r\n\t<h4 class=\"sp-table-caption\">Divis\u00e3o 4 - Temporada 1 (Novembro\/2015)<\/h4><div class=\"sp-table-wrapper\"><table class=\"sp-league-table sp-league-table-1157 sp-data-table sp-sortable-table sp-responsive-table table_69eacd44864d6 sp-scrollable-table sp-paginated-table\" data-sp-rows=\"12\"><thead><tr><th class=\"data-rank\">Posicao<\/th><th class=\"data-name\">Time<\/th><th class=\"data-pts\">Pts<\/th><\/tr><\/thead><tbody><tr class=\"odd highlighted sp-row-no-0\"><td class=\"data-rank sp-highlight\" data-label=\"Posicao\">1<\/td><td class=\"data-name has-logo sp-highlight\" data-label=\"Time\"><a href=\"https:\/\/eblbrasfoot.com\/wikiebl\/times\/america-de-natal\/\"><span class=\"team-logo\"><img decoding=\"async\" width=\"128\" height=\"128\" src=\"https:\/\/eblbrasfoot.com\/wikiebl\/wp-content\/uploads\/2024\/04\/R-8-128x128.png\" class=\"attachment-sportspress-fit-icon size-sportspress-fit-icon wp-post-image\" alt=\"\" \/><\/span>Rafael Silva<\/a><\/td><td class=\"data-pts sp-highlight\" data-label=\"Pts\">10<\/td><\/tr><tr class=\"even sp-row-no-1\"><td class=\"data-rank\" data-label=\"Posicao\">2<\/td><td class=\"data-name has-logo\" data-label=\"Time\"><a href=\"https:\/\/eblbrasfoot.com\/wikiebl\/times\/abc\/\"><span class=\"team-logo\"><img decoding=\"async\" width=\"128\" height=\"128\" src=\"https:\/\/eblbrasfoot.com\/wikiebl\/wp-content\/uploads\/2024\/04\/logo-abc-rn-512-128x128.png\" class=\"attachment-sportspress-fit-icon size-sportspress-fit-icon wp-post-image\" alt=\"\" \/><\/span>Ryan Silva<\/a><\/td><td class=\"data-pts\" data-label=\"Pts\">09<\/td><\/tr><tr class=\"odd sp-row-no-2\"><td class=\"data-rank\" data-label=\"Posicao\">3<\/td><td class=\"data-name has-logo\" data-label=\"Time\"><a href=\"https:\/\/eblbrasfoot.com\/wikiebl\/times\/cuiaba\/\"><span class=\"team-logo\"><img decoding=\"async\" width=\"128\" height=\"128\" src=\"https:\/\/eblbrasfoot.com\/wikiebl\/wp-content\/uploads\/2024\/04\/logo-cuiaba-512-128x128.png\" class=\"attachment-sportspress-fit-icon size-sportspress-fit-icon wp-post-image\" alt=\"\" \/><\/span>Jo\u00e3o Vitor Xelsea<\/a><\/td><td class=\"data-pts\" data-label=\"Pts\">08<\/td><\/tr><tr class=\"even sp-row-no-3\"><td class=\"data-rank\" data-label=\"Posicao\">4<\/td><td class=\"data-name has-logo\" data-label=\"Time\"><a href=\"https:\/\/eblbrasfoot.com\/wikiebl\/times\/boot-3-2\/\"><span class=\"team-logo\"><img loading=\"lazy\" decoding=\"async\" width=\"118\" height=\"128\" src=\"https:\/\/eblbrasfoot.com\/wikiebl\/wp-content\/uploads\/2024\/04\/shield-clipart-blue-9-118x128.png\" class=\"attachment-sportspress-fit-icon size-sportspress-fit-icon wp-post-image\" alt=\"\" \/><\/span>Sem informa\u00e7\u00e3o<\/a><\/td><td class=\"data-pts\" data-label=\"Pts\">07<\/td><\/tr><tr class=\"odd sp-row-no-4\"><td class=\"data-rank\" data-label=\"Posicao\">5<\/td><td class=\"data-name has-logo\" data-label=\"Time\"><a href=\"https:\/\/eblbrasfoot.com\/wikiebl\/times\/oeste\/\"><span class=\"team-logo\"><img loading=\"lazy\" decoding=\"async\" width=\"128\" height=\"128\" src=\"https:\/\/eblbrasfoot.com\/wikiebl\/wp-content\/uploads\/2024\/04\/logo-oeste-512-128x128.png\" class=\"attachment-sportspress-fit-icon size-sportspress-fit-icon wp-post-image\" alt=\"\" \/><\/span>Ryan Adelino<\/a><\/td><td class=\"data-pts\" data-label=\"Pts\">06<\/td><\/tr><tr class=\"even sp-row-no-5\"><td class=\"data-rank\" data-label=\"Posicao\">6<\/td><td class=\"data-name has-logo\" data-label=\"Time\"><a href=\"https:\/\/eblbrasfoot.com\/wikiebl\/times\/boot-2\/\"><span class=\"team-logo\"><img loading=\"lazy\" decoding=\"async\" width=\"118\" height=\"128\" src=\"https:\/\/eblbrasfoot.com\/wikiebl\/wp-content\/uploads\/2024\/04\/shield-clipart-blue-9-118x128.png\" class=\"attachment-sportspress-fit-icon size-sportspress-fit-icon wp-post-image\" alt=\"\" \/><\/span>Sem informa\u00e7\u00e3o<\/a><\/td><td class=\"data-pts\" data-label=\"Pts\">05<\/td><\/tr><tr class=\"odd sp-row-no-6\"><td class=\"data-rank\" data-label=\"Posicao\">7<\/td><td class=\"data-name has-logo\" data-label=\"Time\"><a href=\"https:\/\/eblbrasfoot.com\/wikiebl\/times\/guarani\/\"><span class=\"team-logo\"><img loading=\"lazy\" decoding=\"async\" width=\"128\" height=\"128\" src=\"https:\/\/eblbrasfoot.com\/wikiebl\/wp-content\/uploads\/2024\/04\/logo-guarani-512-128x128.png\" class=\"attachment-sportspress-fit-icon size-sportspress-fit-icon wp-post-image\" alt=\"\" \/><\/span>Caio Neves<\/a><\/td><td class=\"data-pts\" data-label=\"Pts\">04<\/td><\/tr><tr class=\"even sp-row-no-7\"><td class=\"data-rank\" data-label=\"Posicao\">8<\/td><td class=\"data-name has-logo\" data-label=\"Time\"><a href=\"https:\/\/eblbrasfoot.com\/wikiebl\/times\/boot-3\/\"><span class=\"team-logo\"><img loading=\"lazy\" decoding=\"async\" width=\"118\" height=\"128\" src=\"https:\/\/eblbrasfoot.com\/wikiebl\/wp-content\/uploads\/2024\/04\/shield-clipart-blue-9-118x128.png\" class=\"attachment-sportspress-fit-icon size-sportspress-fit-icon wp-post-image\" alt=\"\" \/><\/span>Sem informa\u00e7\u00e3o<\/a><\/td><td class=\"data-pts\" data-label=\"Pts\">03<\/td><\/tr><tr class=\"odd sp-row-no-8\"><td class=\"data-rank\" data-label=\"Posicao\">9<\/td><td class=\"data-name has-logo\" data-label=\"Time\"><a href=\"https:\/\/eblbrasfoot.com\/wikiebl\/times\/ceara\/\"><span class=\"team-logo\"><img loading=\"lazy\" decoding=\"async\" width=\"128\" height=\"128\" src=\"https:\/\/eblbrasfoot.com\/wikiebl\/wp-content\/uploads\/2024\/04\/logo-ceara-512-128x128.png\" class=\"attachment-sportspress-fit-icon size-sportspress-fit-icon wp-post-image\" alt=\"\" \/><\/span>Filipe<\/a><\/td><td class=\"data-pts\" data-label=\"Pts\">02<\/td><\/tr><tr class=\"even sp-row-no-9\"><td class=\"data-rank\" data-label=\"Posicao\">10<\/td><td class=\"data-name has-logo\" data-label=\"Time\"><a href=\"https:\/\/eblbrasfoot.com\/wikiebl\/times\/boot-3-2-2\/\"><span class=\"team-logo\"><img loading=\"lazy\" decoding=\"async\" width=\"118\" height=\"128\" src=\"https:\/\/eblbrasfoot.com\/wikiebl\/wp-content\/uploads\/2024\/04\/shield-clipart-blue-9-118x128.png\" class=\"attachment-sportspress-fit-icon size-sportspress-fit-icon wp-post-image\" alt=\"\" \/><\/span>Sem informa\u00e7\u00e3o<\/a><\/td><td class=\"data-pts\" data-label=\"Pts\">01<\/td><\/tr><\/tbody><\/table><\/div><div class=\"sp-league-table-link sp-view-all-link\"><a href=\"https:\/\/eblbrasfoot.com\/wikiebl\/tabela\/divisao-4-temporada-1-novembro-2015\/\">Ver todas as tabelas<\/a><\/div><\/div>\r\n<\/div><\/div>\n<div class=\"su-tabs-pane su-u-clearfix su-u-trim\" data-title=\"Temporada 2\"><div class=\"sportspress sp-widget-align-none\"><div class=\"sp-template sp-template-league-table\">\r\n\t<h4 class=\"sp-table-caption\">Divis\u00e3o 4 - Temporada 2 (Dezembro\/2015)<\/h4><div class=\"sp-table-wrapper\"><table class=\"sp-league-table sp-league-table-1195 sp-data-table sp-sortable-table sp-responsive-table table_69eacd44887cb sp-scrollable-table sp-paginated-table\" data-sp-rows=\"12\"><thead><tr><th class=\"data-rank\">Posicao<\/th><th class=\"data-name\">Time<\/th><th class=\"data-pts\">Pts<\/th><\/tr><\/thead><tbody><tr class=\"odd highlighted sp-row-no-0\"><td class=\"data-rank sp-highlight\" data-label=\"Posicao\">1<\/td><td class=\"data-name has-logo sp-highlight\" data-label=\"Time\"><a href=\"https:\/\/eblbrasfoot.com\/wikiebl\/times\/juventude\/\"><span class=\"team-logo\"><img loading=\"lazy\" decoding=\"async\" width=\"128\" height=\"128\" src=\"https:\/\/eblbrasfoot.com\/wikiebl\/wp-content\/uploads\/2024\/04\/logo-juventude-512-128x128.png\" class=\"attachment-sportspress-fit-icon size-sportspress-fit-icon wp-post-image\" alt=\"\" \/><\/span>Andr\u00e9 Junior<\/a><\/td><td class=\"data-pts sp-highlight\" data-label=\"Pts\">10<\/td><\/tr><tr class=\"even sp-row-no-1\"><td class=\"data-rank\" data-label=\"Posicao\">2<\/td><td class=\"data-name has-logo\" data-label=\"Time\"><a href=\"https:\/\/eblbrasfoot.com\/wikiebl\/times\/cuiaba\/\"><span class=\"team-logo\"><img decoding=\"async\" width=\"128\" height=\"128\" src=\"https:\/\/eblbrasfoot.com\/wikiebl\/wp-content\/uploads\/2024\/04\/logo-cuiaba-512-128x128.png\" class=\"attachment-sportspress-fit-icon size-sportspress-fit-icon wp-post-image\" alt=\"\" \/><\/span>Jo\u00e3o Vitor Xelsea<\/a><\/td><td class=\"data-pts\" data-label=\"Pts\">9<\/td><\/tr><tr class=\"odd sp-row-no-2\"><td class=\"data-rank\" data-label=\"Posicao\">3<\/td><td class=\"data-name has-logo\" data-label=\"Time\"><a href=\"https:\/\/eblbrasfoot.com\/wikiebl\/times\/brasiliense\/\"><span class=\"team-logo\"><img loading=\"lazy\" decoding=\"async\" width=\"128\" height=\"128\" src=\"https:\/\/eblbrasfoot.com\/wikiebl\/wp-content\/uploads\/2024\/04\/R-9-128x128.png\" class=\"attachment-sportspress-fit-icon size-sportspress-fit-icon wp-post-image\" alt=\"\" \/><\/span>Marcos Oliveira<\/a><\/td><td class=\"data-pts\" data-label=\"Pts\">8<\/td><\/tr><tr class=\"even sp-row-no-3\"><td class=\"data-rank\" data-label=\"Posicao\">4<\/td><td class=\"data-name has-logo\" data-label=\"Time\"><a href=\"https:\/\/eblbrasfoot.com\/wikiebl\/times\/oeste\/\"><span class=\"team-logo\"><img loading=\"lazy\" decoding=\"async\" width=\"128\" height=\"128\" src=\"https:\/\/eblbrasfoot.com\/wikiebl\/wp-content\/uploads\/2024\/04\/logo-oeste-512-128x128.png\" class=\"attachment-sportspress-fit-icon size-sportspress-fit-icon wp-post-image\" alt=\"\" \/><\/span>Ryan Adelino<\/a><\/td><td class=\"data-pts\" data-label=\"Pts\">7<\/td><\/tr><tr class=\"odd sp-row-no-4\"><td class=\"data-rank\" data-label=\"Posicao\">5<\/td><td class=\"data-name has-logo\" data-label=\"Time\"><a href=\"https:\/\/eblbrasfoot.com\/wikiebl\/times\/boot\/\"><span class=\"team-logo\"><img loading=\"lazy\" decoding=\"async\" width=\"118\" height=\"128\" src=\"https:\/\/eblbrasfoot.com\/wikiebl\/wp-content\/uploads\/2024\/04\/shield-clipart-blue-9-118x128.png\" class=\"attachment-sportspress-fit-icon size-sportspress-fit-icon wp-post-image\" alt=\"\" \/><\/span>Sem informa\u00e7\u00e3o<\/a><\/td><td class=\"data-pts\" data-label=\"Pts\">6<\/td><\/tr><tr class=\"even sp-row-no-5\"><td class=\"data-rank\" data-label=\"Posicao\">6<\/td><td class=\"data-name has-logo\" data-label=\"Time\"><a href=\"https:\/\/eblbrasfoot.com\/wikiebl\/times\/ferroviario\/\"><span class=\"team-logo\"><img loading=\"lazy\" decoding=\"async\" width=\"128\" height=\"128\" src=\"https:\/\/eblbrasfoot.com\/wikiebl\/wp-content\/uploads\/2024\/04\/logo-ferroviario-512-128x128.png\" class=\"attachment-sportspress-fit-icon size-sportspress-fit-icon wp-post-image\" alt=\"\" \/><\/span>Tiaguinho<\/a><\/td><td class=\"data-pts\" data-label=\"Pts\">5<\/td><\/tr><tr class=\"odd sp-row-no-6\"><td class=\"data-rank\" data-label=\"Posicao\">7<\/td><td class=\"data-name has-logo\" data-label=\"Time\"><a href=\"https:\/\/eblbrasfoot.com\/wikiebl\/times\/boot-2\/\"><span class=\"team-logo\"><img loading=\"lazy\" decoding=\"async\" width=\"118\" height=\"128\" src=\"https:\/\/eblbrasfoot.com\/wikiebl\/wp-content\/uploads\/2024\/04\/shield-clipart-blue-9-118x128.png\" class=\"attachment-sportspress-fit-icon size-sportspress-fit-icon wp-post-image\" alt=\"\" \/><\/span>Sem informa\u00e7\u00e3o<\/a><\/td><td class=\"data-pts\" data-label=\"Pts\">4<\/td><\/tr><tr class=\"even sp-row-no-7\"><td class=\"data-rank\" data-label=\"Posicao\">8<\/td><td class=\"data-name has-logo\" data-label=\"Time\"><a href=\"https:\/\/eblbrasfoot.com\/wikiebl\/times\/tombense\/\"><span class=\"team-logo\"><img loading=\"lazy\" decoding=\"async\" width=\"128\" height=\"128\" src=\"https:\/\/eblbrasfoot.com\/wikiebl\/wp-content\/uploads\/2024\/04\/logo-tombense-512-128x128.png\" class=\"attachment-sportspress-fit-icon size-sportspress-fit-icon wp-post-image\" alt=\"\" \/><\/span>Kelvin<\/a><\/td><td class=\"data-pts\" data-label=\"Pts\">3<\/td><\/tr><tr class=\"odd sp-row-no-8\"><td class=\"data-rank\" data-label=\"Posicao\">9<\/td><td class=\"data-name has-logo\" data-label=\"Time\"><a href=\"https:\/\/eblbrasfoot.com\/wikiebl\/times\/guarani\/\"><span class=\"team-logo\"><img loading=\"lazy\" decoding=\"async\" width=\"128\" height=\"128\" src=\"https:\/\/eblbrasfoot.com\/wikiebl\/wp-content\/uploads\/2024\/04\/logo-guarani-512-128x128.png\" class=\"attachment-sportspress-fit-icon size-sportspress-fit-icon wp-post-image\" alt=\"\" \/><\/span>Caio Neves<\/a><\/td><td class=\"data-pts\" data-label=\"Pts\">2<\/td><\/tr><tr class=\"even sp-row-no-9\"><td class=\"data-rank\" data-label=\"Posicao\">10<\/td><td class=\"data-name has-logo\" data-label=\"Time\"><a href=\"https:\/\/eblbrasfoot.com\/wikiebl\/times\/guaratingueta\/\"><span class=\"team-logo\"><img loading=\"lazy\" decoding=\"async\" width=\"102\" height=\"128\" src=\"https:\/\/eblbrasfoot.com\/wikiebl\/wp-content\/uploads\/2024\/04\/Guaratinguet__-logo-F93640ED7F-seeklogo.com_-102x128.png\" class=\"attachment-sportspress-fit-icon size-sportspress-fit-icon wp-post-image\" alt=\"\" \/><\/span>Israel<\/a><\/td><td class=\"data-pts\" data-label=\"Pts\">1<\/td><\/tr><\/tbody><\/table><\/div><div class=\"sp-league-table-link sp-view-all-link\"><a href=\"https:\/\/eblbrasfoot.com\/wikiebl\/tabela\/divisao-4-temporada-2-dezembro-2015\/\">Ver todas as tabelas<\/a><\/div><\/div>\r\n<\/div><\/div>\n<div class=\"su-tabs-pane su-u-clearfix su-u-trim\" data-title=\"Temporada 3\"><div class=\"sportspress sp-widget-align-none\"><div class=\"sp-template sp-template-league-table\">\r\n\t<h4 class=\"sp-table-caption\">Divis\u00e3o 4 - Temporada 3 (Janeiro\/2016)<\/h4><div class=\"sp-table-wrapper\"><table class=\"sp-league-table sp-league-table-1336 sp-data-table sp-sortable-table sp-responsive-table table_69eacd4489f50 sp-scrollable-table sp-paginated-table\" data-sp-rows=\"12\"><thead><tr><th class=\"data-rank\">Posicao<\/th><th class=\"data-name\">Time<\/th><th class=\"data-pts\">Pts<\/th><th class=\"data-p\">J<\/th><th class=\"data-w\">V<\/th><th class=\"data-d\">E<\/th><th class=\"data-l\">D<\/th><th class=\"data-f\">GP<\/th><th class=\"data-a\">GC<\/th><th class=\"data-gd\">SG<\/th><\/tr><\/thead><tbody><tr class=\"odd highlighted sp-row-no-0\"><td class=\"data-rank sp-highlight\" data-label=\"Posicao\">1<\/td><td class=\"data-name has-logo sp-highlight\" data-label=\"Time\"><a href=\"https:\/\/eblbrasfoot.com\/wikiebl\/times\/real-betis\/\"><span class=\"team-logo\"><img loading=\"lazy\" decoding=\"async\" width=\"128\" height=\"128\" src=\"https:\/\/eblbrasfoot.com\/wikiebl\/wp-content\/uploads\/2024\/04\/logo-real-betis-512-128x128.png\" class=\"attachment-sportspress-fit-icon size-sportspress-fit-icon wp-post-image\" alt=\"\" \/><\/span>Tiaguinho<\/a><\/td><td class=\"data-pts sp-highlight\" data-label=\"Pts\">25<\/td><td class=\"data-p sp-highlight\" data-label=\"J\">11<\/td><td class=\"data-w sp-highlight\" data-label=\"V\">8<\/td><td class=\"data-d sp-highlight\" data-label=\"E\">1<\/td><td class=\"data-l sp-highlight\" data-label=\"D\">2<\/td><td class=\"data-f sp-highlight\" data-label=\"GP\">19<\/td><td class=\"data-a sp-highlight\" data-label=\"GC\">9<\/td><td class=\"data-gd sp-highlight\" data-label=\"SG\">10<\/td><\/tr><tr class=\"even sp-row-no-1\"><td class=\"data-rank\" data-label=\"Posicao\">2<\/td><td class=\"data-name has-logo\" data-label=\"Time\"><a href=\"https:\/\/eblbrasfoot.com\/wikiebl\/times\/porto\/\"><span class=\"team-logo\"><img loading=\"lazy\" decoding=\"async\" width=\"128\" height=\"128\" src=\"https:\/\/eblbrasfoot.com\/wikiebl\/wp-content\/uploads\/2024\/04\/logo-porto-512-128x128.png\" class=\"attachment-sportspress-fit-icon size-sportspress-fit-icon wp-post-image\" alt=\"\" \/><\/span>Ryan Adelino<\/a><\/td><td class=\"data-pts\" data-label=\"Pts\">23<\/td><td class=\"data-p\" data-label=\"J\">11<\/td><td class=\"data-w\" data-label=\"V\">7<\/td><td class=\"data-d\" data-label=\"E\">2<\/td><td class=\"data-l\" data-label=\"D\">2<\/td><td class=\"data-f\" data-label=\"GP\">22<\/td><td class=\"data-a\" data-label=\"GC\">13<\/td><td class=\"data-gd\" data-label=\"SG\">9<\/td><\/tr><tr class=\"odd sp-row-no-2\"><td class=\"data-rank\" data-label=\"Posicao\">3<\/td><td class=\"data-name has-logo\" data-label=\"Time\"><a href=\"https:\/\/eblbrasfoot.com\/wikiebl\/times\/crystal-palace\/\"><span class=\"team-logo\"><img loading=\"lazy\" decoding=\"async\" width=\"128\" height=\"128\" src=\"https:\/\/eblbrasfoot.com\/wikiebl\/wp-content\/uploads\/2024\/04\/crystal-palace-football-club-512-128x128.png\" class=\"attachment-sportspress-fit-icon size-sportspress-fit-icon wp-post-image\" alt=\"\" \/><\/span>Pedro Eugenio<\/a><\/td><td class=\"data-pts\" data-label=\"Pts\">17<\/td><td class=\"data-p\" data-label=\"J\">11<\/td><td class=\"data-w\" data-label=\"V\">5<\/td><td class=\"data-d\" data-label=\"E\">2<\/td><td class=\"data-l\" data-label=\"D\">4<\/td><td class=\"data-f\" data-label=\"GP\">14<\/td><td class=\"data-a\" data-label=\"GC\">11<\/td><td class=\"data-gd\" data-label=\"SG\">3<\/td><\/tr><tr class=\"even sp-row-no-3\"><td class=\"data-rank\" data-label=\"Posicao\">4<\/td><td class=\"data-name has-logo\" data-label=\"Time\"><a href=\"https:\/\/eblbrasfoot.com\/wikiebl\/times\/rayo-vallecano\/\"><span class=\"team-logo\"><img loading=\"lazy\" decoding=\"async\" width=\"128\" height=\"128\" src=\"https:\/\/eblbrasfoot.com\/wikiebl\/wp-content\/uploads\/2024\/04\/logo-rayo-vallecano-512-128x128.png\" class=\"attachment-sportspress-fit-icon size-sportspress-fit-icon wp-post-image\" alt=\"\" \/><\/span>Marcos Oliveira<\/a><\/td><td class=\"data-pts\" data-label=\"Pts\">17<\/td><td class=\"data-p\" data-label=\"J\">11<\/td><td class=\"data-w\" data-label=\"V\">5<\/td><td class=\"data-d\" data-label=\"E\">2<\/td><td class=\"data-l\" data-label=\"D\">4<\/td><td class=\"data-f\" data-label=\"GP\">19<\/td><td class=\"data-a\" data-label=\"GC\">17<\/td><td class=\"data-gd\" data-label=\"SG\">2<\/td><\/tr><tr class=\"odd sp-row-no-4\"><td class=\"data-rank\" data-label=\"Posicao\">5<\/td><td class=\"data-name has-logo\" data-label=\"Time\"><a href=\"https:\/\/eblbrasfoot.com\/wikiebl\/times\/swansea-city\/\"><span class=\"team-logo\"><img loading=\"lazy\" decoding=\"async\" width=\"128\" height=\"121\" src=\"https:\/\/eblbrasfoot.com\/wikiebl\/wp-content\/uploads\/2024\/04\/Swansea_City_AFC_logo-128x121.png\" class=\"attachment-sportspress-fit-icon size-sportspress-fit-icon wp-post-image\" alt=\"\" \/><\/span>Sem treinador<\/a><\/td><td class=\"data-pts\" data-label=\"Pts\">15<\/td><td class=\"data-p\" data-label=\"J\">11<\/td><td class=\"data-w\" data-label=\"V\">4<\/td><td class=\"data-d\" data-label=\"E\">3<\/td><td class=\"data-l\" data-label=\"D\">4<\/td><td class=\"data-f\" data-label=\"GP\">15<\/td><td class=\"data-a\" data-label=\"GC\">16<\/td><td class=\"data-gd\" data-label=\"SG\">-1<\/td><\/tr><tr class=\"even sp-row-no-5\"><td class=\"data-rank\" data-label=\"Posicao\">6<\/td><td class=\"data-name has-logo\" data-label=\"Time\"><a href=\"https:\/\/eblbrasfoot.com\/wikiebl\/times\/watford\/\"><span class=\"team-logo\"><img loading=\"lazy\" decoding=\"async\" width=\"128\" height=\"128\" src=\"https:\/\/eblbrasfoot.com\/wikiebl\/wp-content\/uploads\/2024\/04\/watford-football-club-512-128x128.png\" class=\"attachment-sportspress-fit-icon size-sportspress-fit-icon wp-post-image\" alt=\"\" \/><\/span>Dnardo Junior<\/a><\/td><td class=\"data-pts\" data-label=\"Pts\">12<\/td><td class=\"data-p\" data-label=\"J\">11<\/td><td class=\"data-w\" data-label=\"V\">2<\/td><td class=\"data-d\" data-label=\"E\">6<\/td><td class=\"data-l\" data-label=\"D\">3<\/td><td class=\"data-f\" data-label=\"GP\">14<\/td><td class=\"data-a\" data-label=\"GC\">16<\/td><td class=\"data-gd\" data-label=\"SG\">-2<\/td><\/tr><tr class=\"odd sp-row-no-6\"><td class=\"data-rank\" data-label=\"Posicao\">7<\/td><td class=\"data-name has-logo\" data-label=\"Time\"><a href=\"https:\/\/eblbrasfoot.com\/wikiebl\/times\/bordeaux\/\"><span class=\"team-logo\"><img loading=\"lazy\" decoding=\"async\" width=\"128\" height=\"128\" src=\"https:\/\/eblbrasfoot.com\/wikiebl\/wp-content\/uploads\/2024\/04\/fc-girondins-de-bordeaux-512-128x128.png\" class=\"attachment-sportspress-fit-icon size-sportspress-fit-icon wp-post-image\" alt=\"\" \/><\/span>Roger Rodrigues<\/a><\/td><td class=\"data-pts\" data-label=\"Pts\">11<\/td><td class=\"data-p\" data-label=\"J\">11<\/td><td class=\"data-w\" data-label=\"V\">3<\/td><td class=\"data-d\" data-label=\"E\">2<\/td><td class=\"data-l\" data-label=\"D\">6<\/td><td class=\"data-f\" data-label=\"GP\">14<\/td><td class=\"data-a\" data-label=\"GC\">19<\/td><td class=\"data-gd\" data-label=\"SG\">-5<\/td><\/tr><tr class=\"even sp-row-no-7\"><td class=\"data-rank\" data-label=\"Posicao\">8<\/td><td class=\"data-name has-logo\" data-label=\"Time\"><a href=\"https:\/\/eblbrasfoot.com\/wikiebl\/times\/augsburg\/\"><span class=\"team-logo\"><img loading=\"lazy\" decoding=\"async\" width=\"128\" height=\"128\" src=\"https:\/\/eblbrasfoot.com\/wikiebl\/wp-content\/uploads\/2024\/04\/fc-augsburg-1907-512-128x128.png\" class=\"attachment-sportspress-fit-icon size-sportspress-fit-icon wp-post-image\" alt=\"\" \/><\/span>Vinicius Santos<\/a><\/td><td class=\"data-pts\" data-label=\"Pts\">10<\/td><td class=\"data-p\" data-label=\"J\">11<\/td><td class=\"data-w\" data-label=\"V\">3<\/td><td class=\"data-d\" data-label=\"E\">1<\/td><td class=\"data-l\" data-label=\"D\">7<\/td><td class=\"data-f\" data-label=\"GP\">11<\/td><td class=\"data-a\" data-label=\"GC\">20<\/td><td class=\"data-gd\" data-label=\"SG\">-9<\/td><\/tr><tr class=\"odd sp-row-no-8\"><td class=\"data-rank\" data-label=\"Posicao\">9<\/td><td class=\"data-name has-logo\" data-label=\"Time\"><a href=\"https:\/\/eblbrasfoot.com\/wikiebl\/times\/aston-villa\/\"><span class=\"team-logo\"><img loading=\"lazy\" decoding=\"async\" width=\"128\" height=\"128\" src=\"https:\/\/eblbrasfoot.com\/wikiebl\/wp-content\/uploads\/2024\/04\/aston-villa-football-club-512-128x128.png\" class=\"attachment-sportspress-fit-icon size-sportspress-fit-icon wp-post-image\" alt=\"\" \/><\/span>Ryan Silva<\/a><\/td><td class=\"data-pts\" data-label=\"Pts\">10<\/td><td class=\"data-p\" data-label=\"J\">11<\/td><td class=\"data-w\" data-label=\"V\">2<\/td><td class=\"data-d\" data-label=\"E\">4<\/td><td class=\"data-l\" data-label=\"D\">5<\/td><td class=\"data-f\" data-label=\"GP\">16<\/td><td class=\"data-a\" data-label=\"GC\">18<\/td><td class=\"data-gd\" data-label=\"SG\">-2<\/td><\/tr><tr class=\"even sp-row-no-9\"><td class=\"data-rank\" data-label=\"Posicao\">10<\/td><td class=\"data-name has-logo\" data-label=\"Time\"><a href=\"https:\/\/eblbrasfoot.com\/wikiebl\/times\/sevilla\/\"><span class=\"team-logo\"><img loading=\"lazy\" decoding=\"async\" width=\"128\" height=\"128\" src=\"https:\/\/eblbrasfoot.com\/wikiebl\/wp-content\/uploads\/2024\/04\/logo-sevilla-512-128x128.png\" class=\"attachment-sportspress-fit-icon size-sportspress-fit-icon wp-post-image\" alt=\"\" \/><\/span>Israel<\/a><\/td><td class=\"data-pts\" data-label=\"Pts\">10<\/td><td class=\"data-p\" data-label=\"J\">11<\/td><td class=\"data-w\" data-label=\"V\">1<\/td><td class=\"data-d\" data-label=\"E\">7<\/td><td class=\"data-l\" data-label=\"D\">3<\/td><td class=\"data-f\" data-label=\"GP\">16<\/td><td class=\"data-a\" data-label=\"GC\">21<\/td><td class=\"data-gd\" data-label=\"SG\">-5<\/td><\/tr><\/tbody><\/table><\/div><div class=\"sp-league-table-link sp-view-all-link\"><a href=\"https:\/\/eblbrasfoot.com\/wikiebl\/tabela\/divisao-4-temporada-3-janeiro-2016\/\">Ver todas as tabelas<\/a><\/div><\/div>\r\n<\/div><\/div>\n<div class=\"su-tabs-pane su-u-clearfix su-u-trim\" data-title=\"Temporada 4\">Nessa temporada n\u00e3o aconteceu a competi\u00e7\u00e3o.<\/div>\n<div class=\"su-tabs-pane su-u-clearfix su-u-trim\" data-title=\"Temporada 5\"><\/div>\n<div class=\"su-tabs-pane su-u-clearfix su-u-trim\" data-title=\"Temporada 6\"><\/div><\/div><\/div>\n","protected":false},"excerpt":{"rendered":"","protected":false},"author":1,"featured_media":0,"parent":0,"menu_order":0,"comment_status":"closed","ping_status":"closed","template":"","meta":{"footnotes":""},"class_list":["post-1206","page","type-page","status-publish","hentry"],"_links":{"self":[{"href":"https:\/\/eblbrasfoot.com\/wikiebl\/wp-json\/wp\/v2\/pages\/1206","targetHints":{"allow":["GET"]}}],"collection":[{"href":"https:\/\/eblbrasfoot.com\/wikiebl\/wp-json\/wp\/v2\/pages"}],"about":[{"href":"https:\/\/eblbrasfoot.com\/wikiebl\/wp-json\/wp\/v2\/types\/page"}],"author":[{"embeddable":true,"href":"https:\/\/eblbrasfoot.com\/wikiebl\/wp-json\/wp\/v2\/users\/1"}],"replies":[{"embeddable":true,"href":"https:\/\/eblbrasfoot.com\/wikiebl\/wp-json\/wp\/v2\/comments?post=1206"}],"version-history":[{"count":4,"href":"https:\/\/eblbrasfoot.com\/wikiebl\/wp-json\/wp\/v2\/pages\/1206\/revisions"}],"predecessor-version":[{"id":1340,"href":"https:\/\/eblbrasfoot.com\/wikiebl\/wp-json\/wp\/v2\/pages\/1206\/revisions\/1340"}],"wp:attachment":[{"href":"https:\/\/eblbrasfoot.com\/wikiebl\/wp-json\/wp\/v2\/media?parent=1206"}],"curies":[{"name":"wp","href":"https:\/\/api.w.org\/{rel}","templated":true}]}}