{"id":1401,"date":"2024-05-02T09:31:23","date_gmt":"2024-05-02T12:31:23","guid":{"rendered":"https:\/\/eblbrasfoot.com\/wikiebl\/?page_id=1401"},"modified":"2024-05-02T09:31:23","modified_gmt":"2024-05-02T12:31:23","slug":"temporada-4-fevereiro-2016","status":"publish","type":"page","link":"https:\/\/eblbrasfoot.com\/wikiebl\/temporada-4-fevereiro-2016\/","title":{"rendered":"Temporada 4 (Fevereiro\/2016)"},"content":{"rendered":"<p style=\"font-size: 16px; font-weight: 400;\">N\u00e3o temos mais acesso aos arquivos dessa temporada, limitando-se a informa\u00e7\u00f5es (ver\u00eddicas) dos participantes, dos campe\u00f5es, vices e demais coloca\u00e7\u00f5es, mas infelizmente, sem acesso as estat\u00edsticas e pontua\u00e7\u00f5es das partidas.<\/p>\n<h2><strong>Campe\u00f5es da Temporada<\/strong><\/h2>\n<p>\ud83c\udfc6<strong>Divis\u00e3o 1 = N\u00e3o ocorreu<\/strong><br \/>\n\ud83c\udfc6<strong>Divis\u00e3o 2 = N\u00e3o ocorreu<\/strong><br \/>\n\ud83c\udfc6<strong>Divis\u00e3o 3 = N\u00e3o ocorreu<\/strong><br \/>\n\ud83c\udfc6<strong>Divis\u00e3o 4 = N\u00e3o ocorreu<\/strong><\/p>\n<h2><strong>Classifica\u00e7\u00e3o<\/strong><\/h2>\n<div class=\"su-tabs su-tabs-style-default su-tabs-mobile-stack\" data-active=\"1\" data-scroll-offset=\"0\" data-anchor-in-url=\"no\"><div class=\"su-tabs-nav\"><span class=\" su-tabs-disabled\" data-url=\"\" data-target=\"blank\" tabindex=\"0\" role=\"button\">Divis\u00e3o 1<\/span><span class=\" su-tabs-disabled\" data-url=\"\" data-target=\"blank\" tabindex=\"0\" role=\"button\">Divis\u00e3o 2<\/span><span class=\" su-tabs-disabled\" data-url=\"\" data-target=\"blank\" tabindex=\"0\" role=\"button\">Divis\u00e3o 3<\/span><span class=\" su-tabs-disabled\" data-url=\"\" data-target=\"blank\" tabindex=\"0\" role=\"button\">Divis\u00e3o 4<\/span><\/div><div class=\"su-tabs-panes\"><div class=\"su-tabs-pane su-u-clearfix su-u-trim\" data-title=\"Divis\u00e3o 1\"><\/div>\n<div class=\"su-tabs-pane su-u-clearfix su-u-trim\" data-title=\"Divis\u00e3o 2\"><\/div>\n<div class=\"su-tabs-pane su-u-clearfix su-u-trim\" data-title=\"Divis\u00e3o 3\"><\/div>\n<div class=\"su-tabs-pane su-u-clearfix su-u-trim\" data-title=\"Divis\u00e3o 4\"><\/div><\/div><\/div>\n<h2><strong>Partidas<\/strong><\/h2>\n<div class=\"su-tabs su-tabs-style-default su-tabs-mobile-stack\" data-active=\"1\" data-scroll-offset=\"0\" data-anchor-in-url=\"no\"><div class=\"su-tabs-nav\"><span class=\" su-tabs-disabled\" data-url=\"\" data-target=\"blank\" tabindex=\"0\" role=\"button\">Divis\u00e3o 1<\/span><span class=\" su-tabs-disabled\" data-url=\"\" data-target=\"blank\" tabindex=\"0\" role=\"button\">Divis\u00e3o 2<\/span><span class=\" su-tabs-disabled\" data-url=\"\" data-target=\"blank\" tabindex=\"0\" role=\"button\">Divis\u00e3o 3<\/span><span class=\" su-tabs-disabled\" data-url=\"\" data-target=\"blank\" tabindex=\"0\" role=\"button\">Divis\u00e3o 4<\/span><\/div><div class=\"su-tabs-panes\"><div class=\"su-tabs-pane su-u-clearfix su-u-trim\" data-title=\"Divis\u00e3o 1\"><\/div>\n<div class=\"su-tabs-pane su-u-clearfix su-u-trim\" data-title=\"Divis\u00e3o 2\"><\/div>\n<div class=\"su-tabs-pane su-u-clearfix su-u-trim\" data-title=\"Divis\u00e3o 3\"><\/div>\n<div class=\"su-tabs-pane su-u-clearfix su-u-trim\" data-title=\"Divis\u00e3o 4\"><\/div><\/div><\/div>\n<h2><strong>Desempenho\/Artilharia<\/strong><\/h2>\n<div class=\"su-tabs su-tabs-style-default su-tabs-mobile-stack\" data-active=\"1\" data-scroll-offset=\"0\" data-anchor-in-url=\"no\"><div class=\"su-tabs-nav\"><span class=\" su-tabs-disabled\" data-url=\"\" data-target=\"blank\" tabindex=\"0\" role=\"button\">Divis\u00e3o 1<\/span><span class=\" su-tabs-disabled\" data-url=\"\" data-target=\"blank\" tabindex=\"0\" role=\"button\">Divis\u00e3o 2<\/span><span class=\" su-tabs-disabled\" data-url=\"\" data-target=\"blank\" tabindex=\"0\" role=\"button\">Divis\u00e3o 3<\/span><span class=\" su-tabs-disabled\" data-url=\"\" data-target=\"blank\" tabindex=\"0\" role=\"button\">Divis\u00e3o 4<\/span><\/div><div class=\"su-tabs-panes\"><div class=\"su-tabs-pane su-u-clearfix su-u-trim\" data-title=\"Divis\u00e3o 1\"><\/div>\n<div class=\"su-tabs-pane su-u-clearfix su-u-trim\" data-title=\"Divis\u00e3o 2\"><\/div>\n<div class=\"su-tabs-pane su-u-clearfix su-u-trim\" data-title=\"Divis\u00e3o 3\"><\/div>\n<div class=\"su-tabs-pane su-u-clearfix su-u-trim\" data-title=\"Divis\u00e3o 4\"><\/div><\/div><\/div>\n<h2><strong>M\u00e9dias da Temporada<\/strong><\/h2>\n<p><span style=\"vertical-align: inherit;\"><div class=\"su-tabs su-tabs-style-default su-tabs-mobile-stack\" data-active=\"1\" data-scroll-offset=\"0\" data-anchor-in-url=\"no\"><div class=\"su-tabs-nav\"><span class=\" su-tabs-disabled\" data-url=\"\" data-target=\"blank\" tabindex=\"0\" role=\"button\">Divis\u00e3o 1<\/span><span class=\" su-tabs-disabled\" data-anchor=\"\" data-url=\"\" data-target=\"blank\" tabindex=\"0\" role=\"button\">Divis\u00e3o 2<\/span><span class=\" su-tabs-disabled\" data-url=\"\" data-target=\"blank\" tabindex=\"0\" role=\"button\">Divis\u00e3o 3<\/span><span class=\" su-tabs-disabled\" data-url=\"\" data-target=\"blank\" tabindex=\"0\" role=\"button\">Divis\u00e3o 4<\/span><\/div><div class=\"su-tabs-panes\"><div class=\"su-tabs-pane su-u-clearfix su-u-trim\" data-title=\"Divis\u00e3o 1\"><\/span><span style=\"vertical-align: inherit;\"><\/div>\n<div class=\"su-tabs-pane su-u-clearfix su-u-trim\" data-title=\"Divis\u00e3o 2\"><\/div>\n<div class=\"su-tabs-pane su-u-clearfix su-u-trim\" data-title=\"Divis\u00e3o 3\"><\/div>\n<div class=\"su-tabs-pane su-u-clearfix su-u-trim\" data-title=\"Divis\u00e3o 4\"><\/div><\/div><\/div><\/span><\/p>\n","protected":false},"excerpt":{"rendered":"<p>N\u00e3o temos mais acesso aos arquivos dessa temporada, limitando-se a informa\u00e7\u00f5es (ver\u00eddicas) dos participantes, dos campe\u00f5es, vices e demais coloca\u00e7\u00f5es, mas infelizmente, sem acesso as estat\u00edsticas e pontua\u00e7\u00f5es das partidas. Campe\u00f5es da Temporada \ud83c\udfc6Divis\u00e3o 1 = N\u00e3o ocorreu \ud83c\udfc6Divis\u00e3o 2 = N\u00e3o ocorreu \ud83c\udfc6Divis\u00e3o 3 = N\u00e3o ocorreu \ud83c\udfc6Divis\u00e3o 4 = N\u00e3o ocorreu Classifica\u00e7\u00e3o Partidas [&hellip;]<\/p>\n","protected":false},"author":1,"featured_media":0,"parent":0,"menu_order":0,"comment_status":"closed","ping_status":"closed","template":"","meta":{"footnotes":""},"class_list":["post-1401","page","type-page","status-publish","hentry"],"_links":{"self":[{"href":"https:\/\/eblbrasfoot.com\/wikiebl\/wp-json\/wp\/v2\/pages\/1401","targetHints":{"allow":["GET"]}}],"collection":[{"href":"https:\/\/eblbrasfoot.com\/wikiebl\/wp-json\/wp\/v2\/pages"}],"about":[{"href":"https:\/\/eblbrasfoot.com\/wikiebl\/wp-json\/wp\/v2\/types\/page"}],"author":[{"embeddable":true,"href":"https:\/\/eblbrasfoot.com\/wikiebl\/wp-json\/wp\/v2\/users\/1"}],"replies":[{"embeddable":true,"href":"https:\/\/eblbrasfoot.com\/wikiebl\/wp-json\/wp\/v2\/comments?post=1401"}],"version-history":[{"count":1,"href":"https:\/\/eblbrasfoot.com\/wikiebl\/wp-json\/wp\/v2\/pages\/1401\/revisions"}],"predecessor-version":[{"id":1402,"href":"https:\/\/eblbrasfoot.com\/wikiebl\/wp-json\/wp\/v2\/pages\/1401\/revisions\/1402"}],"wp:attachment":[{"href":"https:\/\/eblbrasfoot.com\/wikiebl\/wp-json\/wp\/v2\/media?parent=1401"}],"curies":[{"name":"wp","href":"https:\/\/api.w.org\/{rel}","templated":true}]}}