{"id":807,"date":"2024-04-03T19:37:52","date_gmt":"2024-04-03T22:37:52","guid":{"rendered":"https:\/\/eblbrasfoot.com\/wikiebl\/?page_id=807"},"modified":"2024-04-22T01:14:29","modified_gmt":"2024-04-22T04:14:29","slug":"premiacoes","status":"publish","type":"page","link":"https:\/\/eblbrasfoot.com\/wikiebl\/premiacoes\/","title":{"rendered":"Premia\u00e7\u00f5es"},"content":{"rendered":"\t\t<div data-elementor-type=\"wp-page\" data-elementor-id=\"807\" class=\"elementor elementor-807\" data-elementor-post-type=\"page\">\n\t\t\t\t<div class=\"elementor-element elementor-element-d99a08b e-flex e-con-boxed e-con e-parent\" data-id=\"d99a08b\" data-element_type=\"container\" data-e-type=\"container\">\n\t\t\t\t\t<div class=\"e-con-inner\">\n\t\t\t\t<div class=\"elementor-element elementor-element-e4aecd5 elementor-widget elementor-widget-heading\" data-id=\"e4aecd5\" data-element_type=\"widget\" data-e-type=\"widget\" data-widget_type=\"heading.default\">\n\t\t\t\t<div class=\"elementor-widget-container\">\n\t\t\t\t\t<h2 class=\"elementor-heading-title elementor-size-default\">Awards EBL (Premia\u00e7\u00e3o Anual)<\/h2>\t\t\t\t<\/div>\n\t\t\t\t<\/div>\n\t\t\t\t\t<\/div>\n\t\t\t\t<\/div>\n\t\t<div class=\"elementor-element elementor-element-33b95b8 e-flex e-con-boxed e-con e-parent\" data-id=\"33b95b8\" data-element_type=\"container\" data-e-type=\"container\">\n\t\t\t\t\t<div class=\"e-con-inner\">\n\t\t<div class=\"elementor-element elementor-element-4899baf e-con-full e-flex e-con e-child\" data-id=\"4899baf\" data-element_type=\"container\" data-e-type=\"container\">\n\t\t\t\t<div class=\"elementor-element elementor-element-f3a70c3 elementor-widget elementor-widget-image\" data-id=\"f3a70c3\" data-element_type=\"widget\" data-e-type=\"widget\" data-widget_type=\"image.default\">\n\t\t\t\t<div class=\"elementor-widget-container\">\n\t\t\t\t\t\t\t\t\t\t\t\t\t\t\t<img fetchpriority=\"high\" decoding=\"async\" width=\"600\" height=\"900\" src=\"https:\/\/eblbrasfoot.com\/wikiebl\/wp-content\/uploads\/2024\/04\/Awards-EBL-2017-1.png\" class=\"attachment-large size-large wp-image-815\" alt=\"\" srcset=\"https:\/\/eblbrasfoot.com\/wikiebl\/wp-content\/uploads\/2024\/04\/Awards-EBL-2017-1.png 600w, https:\/\/eblbrasfoot.com\/wikiebl\/wp-content\/uploads\/2024\/04\/Awards-EBL-2017-1-200x300.png 200w, https:\/\/eblbrasfoot.com\/wikiebl\/wp-content\/uploads\/2024\/04\/Awards-EBL-2017-1-85x128.png 85w, https:\/\/eblbrasfoot.com\/wikiebl\/wp-content\/uploads\/2024\/04\/Awards-EBL-2017-1-21x32.png 21w\" sizes=\"(max-width: 600px) 100vw, 600px\" \/>\t\t\t\t\t\t\t\t\t\t\t\t\t\t\t<\/div>\n\t\t\t\t<\/div>\n\t\t\t\t<\/div>\n\t\t<div class=\"elementor-element elementor-element-839661f e-con-full e-flex e-con e-child\" data-id=\"839661f\" data-element_type=\"container\" data-e-type=\"container\">\n\t\t\t\t<div class=\"elementor-element elementor-element-9f8cecf elementor-widget elementor-widget-image\" data-id=\"9f8cecf\" data-element_type=\"widget\" data-e-type=\"widget\" data-widget_type=\"image.default\">\n\t\t\t\t<div class=\"elementor-widget-container\">\n\t\t\t\t\t\t\t\t\t\t\t\t\t\t\t<img decoding=\"async\" width=\"600\" height=\"900\" src=\"https:\/\/eblbrasfoot.com\/wikiebl\/wp-content\/uploads\/2024\/04\/Awards-EBL-2018.png\" class=\"attachment-large size-large wp-image-813\" alt=\"\" srcset=\"https:\/\/eblbrasfoot.com\/wikiebl\/wp-content\/uploads\/2024\/04\/Awards-EBL-2018.png 600w, https:\/\/eblbrasfoot.com\/wikiebl\/wp-content\/uploads\/2024\/04\/Awards-EBL-2018-200x300.png 200w, https:\/\/eblbrasfoot.com\/wikiebl\/wp-content\/uploads\/2024\/04\/Awards-EBL-2018-85x128.png 85w, https:\/\/eblbrasfoot.com\/wikiebl\/wp-content\/uploads\/2024\/04\/Awards-EBL-2018-21x32.png 21w\" sizes=\"(max-width: 600px) 100vw, 600px\" \/>\t\t\t\t\t\t\t\t\t\t\t\t\t\t\t<\/div>\n\t\t\t\t<\/div>\n\t\t\t\t<\/div>\n\t\t<div class=\"elementor-element elementor-element-3fcb8fe e-con-full e-flex e-con e-child\" data-id=\"3fcb8fe\" data-element_type=\"container\" data-e-type=\"container\">\n\t\t\t\t<div class=\"elementor-element elementor-element-028bb93 elementor-widget elementor-widget-image\" data-id=\"028bb93\" data-element_type=\"widget\" data-e-type=\"widget\" data-widget_type=\"image.default\">\n\t\t\t\t<div class=\"elementor-widget-container\">\n\t\t\t\t\t\t\t\t\t\t\t\t\t\t\t<img decoding=\"async\" width=\"600\" height=\"900\" src=\"https:\/\/eblbrasfoot.com\/wikiebl\/wp-content\/uploads\/2024\/04\/Awards-EBL-2019.png\" class=\"attachment-large size-large wp-image-819\" alt=\"\" srcset=\"https:\/\/eblbrasfoot.com\/wikiebl\/wp-content\/uploads\/2024\/04\/Awards-EBL-2019.png 600w, https:\/\/eblbrasfoot.com\/wikiebl\/wp-content\/uploads\/2024\/04\/Awards-EBL-2019-200x300.png 200w, https:\/\/eblbrasfoot.com\/wikiebl\/wp-content\/uploads\/2024\/04\/Awards-EBL-2019-85x128.png 85w, https:\/\/eblbrasfoot.com\/wikiebl\/wp-content\/uploads\/2024\/04\/Awards-EBL-2019-21x32.png 21w\" sizes=\"(max-width: 600px) 100vw, 600px\" \/>\t\t\t\t\t\t\t\t\t\t\t\t\t\t\t<\/div>\n\t\t\t\t<\/div>\n\t\t\t\t<\/div>\n\t\t<div class=\"elementor-element elementor-element-476f83f e-con-full e-flex e-con e-child\" data-id=\"476f83f\" data-element_type=\"container\" data-e-type=\"container\">\n\t\t\t\t<div class=\"elementor-element elementor-element-38fa4b0 elementor-widget elementor-widget-image\" data-id=\"38fa4b0\" data-element_type=\"widget\" data-e-type=\"widget\" data-widget_type=\"image.default\">\n\t\t\t\t<div class=\"elementor-widget-container\">\n\t\t\t\t\t\t\t\t\t\t\t\t\t\t\t<img loading=\"lazy\" decoding=\"async\" width=\"600\" height=\"900\" src=\"https:\/\/eblbrasfoot.com\/wikiebl\/wp-content\/uploads\/2024\/04\/Awards-EBL-2020.png\" class=\"attachment-large size-large wp-image-823\" alt=\"\" srcset=\"https:\/\/eblbrasfoot.com\/wikiebl\/wp-content\/uploads\/2024\/04\/Awards-EBL-2020.png 600w, https:\/\/eblbrasfoot.com\/wikiebl\/wp-content\/uploads\/2024\/04\/Awards-EBL-2020-200x300.png 200w, https:\/\/eblbrasfoot.com\/wikiebl\/wp-content\/uploads\/2024\/04\/Awards-EBL-2020-85x128.png 85w, https:\/\/eblbrasfoot.com\/wikiebl\/wp-content\/uploads\/2024\/04\/Awards-EBL-2020-21x32.png 21w\" sizes=\"(max-width: 600px) 100vw, 600px\" \/>\t\t\t\t\t\t\t\t\t\t\t\t\t\t\t<\/div>\n\t\t\t\t<\/div>\n\t\t\t\t<\/div>\n\t\t\t\t\t<\/div>\n\t\t\t\t<\/div>\n\t\t<div class=\"elementor-element elementor-element-f2b534a e-flex e-con-boxed e-con e-parent\" data-id=\"f2b534a\" data-element_type=\"container\" data-e-type=\"container\">\n\t\t\t\t\t<div class=\"e-con-inner\">\n\t\t\t\t<div class=\"elementor-element elementor-element-b874399 elementor-widget elementor-widget-heading\" data-id=\"b874399\" data-element_type=\"widget\" data-e-type=\"widget\" data-widget_type=\"heading.default\">\n\t\t\t\t<div class=\"elementor-widget-container\">\n\t\t\t\t\t<h2 class=\"elementor-heading-title elementor-size-default\">EBL de Ouro (Premia\u00e7\u00e3o Mensal)<\/h2>\t\t\t\t<\/div>\n\t\t\t\t<\/div>\n\t\t\t\t\t<\/div>\n\t\t\t\t<\/div>\n\t\t<div class=\"elementor-element elementor-element-75ba3b6 e-flex e-con-boxed e-con e-parent\" data-id=\"75ba3b6\" data-element_type=\"container\" data-e-type=\"container\">\n\t\t\t\t\t<div class=\"e-con-inner\">\n\t\t<div class=\"elementor-element elementor-element-3a63b64 e-con-full e-flex e-con e-child\" data-id=\"3a63b64\" data-element_type=\"container\" data-e-type=\"container\">\n\t\t\t\t<div class=\"elementor-element elementor-element-ef68174 elementor-widget elementor-widget-image\" data-id=\"ef68174\" data-element_type=\"widget\" data-e-type=\"widget\" data-widget_type=\"image.default\">\n\t\t\t\t<div class=\"elementor-widget-container\">\n\t\t\t\t\t\t\t\t\t\t\t\t\t\t\t\t<a href=\"https:\/\/eblbrasfoot.com\/wikiebl\/ebl-de-ouro-temporada-2\/\">\n\t\t\t\t\t\t\t<img loading=\"lazy\" decoding=\"async\" width=\"600\" height=\"900\" src=\"https:\/\/eblbrasfoot.com\/wikiebl\/wp-content\/uploads\/2024\/04\/EBL-de-Ouro-2.png\" class=\"attachment-large size-large wp-image-833\" alt=\"\" srcset=\"https:\/\/eblbrasfoot.com\/wikiebl\/wp-content\/uploads\/2024\/04\/EBL-de-Ouro-2.png 600w, https:\/\/eblbrasfoot.com\/wikiebl\/wp-content\/uploads\/2024\/04\/EBL-de-Ouro-2-200x300.png 200w, https:\/\/eblbrasfoot.com\/wikiebl\/wp-content\/uploads\/2024\/04\/EBL-de-Ouro-2-85x128.png 85w, https:\/\/eblbrasfoot.com\/wikiebl\/wp-content\/uploads\/2024\/04\/EBL-de-Ouro-2-21x32.png 21w\" sizes=\"(max-width: 600px) 100vw, 600px\" \/>\t\t\t\t\t\t\t\t<\/a>\n\t\t\t\t\t\t\t\t\t\t\t\t\t\t\t<\/div>\n\t\t\t\t<\/div>\n\t\t\t\t<\/div>\n\t\t<div class=\"elementor-element elementor-element-96db968 e-con-full e-flex e-con e-child\" data-id=\"96db968\" data-element_type=\"container\" data-e-type=\"container\">\n\t\t\t\t<div class=\"elementor-element elementor-element-80ace1f elementor-widget elementor-widget-image\" data-id=\"80ace1f\" data-element_type=\"widget\" data-e-type=\"widget\" data-widget_type=\"image.default\">\n\t\t\t\t<div class=\"elementor-widget-container\">\n\t\t\t\t\t\t\t\t\t\t\t\t\t\t\t<img loading=\"lazy\" decoding=\"async\" width=\"600\" height=\"900\" src=\"https:\/\/eblbrasfoot.com\/wikiebl\/wp-content\/uploads\/2024\/04\/EBL-de-Ouro-3.png\" class=\"attachment-large size-large wp-image-834\" alt=\"\" srcset=\"https:\/\/eblbrasfoot.com\/wikiebl\/wp-content\/uploads\/2024\/04\/EBL-de-Ouro-3.png 600w, https:\/\/eblbrasfoot.com\/wikiebl\/wp-content\/uploads\/2024\/04\/EBL-de-Ouro-3-200x300.png 200w, https:\/\/eblbrasfoot.com\/wikiebl\/wp-content\/uploads\/2024\/04\/EBL-de-Ouro-3-85x128.png 85w, https:\/\/eblbrasfoot.com\/wikiebl\/wp-content\/uploads\/2024\/04\/EBL-de-Ouro-3-21x32.png 21w\" sizes=\"(max-width: 600px) 100vw, 600px\" \/>\t\t\t\t\t\t\t\t\t\t\t\t\t\t\t<\/div>\n\t\t\t\t<\/div>\n\t\t\t\t<\/div>\n\t\t<div class=\"elementor-element elementor-element-02933a2 e-con-full e-flex e-con e-child\" data-id=\"02933a2\" data-element_type=\"container\" data-e-type=\"container\">\n\t\t\t\t<\/div>\n\t\t<div class=\"elementor-element elementor-element-68c6b3f e-con-full e-flex e-con e-child\" data-id=\"68c6b3f\" data-element_type=\"container\" data-e-type=\"container\">\n\t\t\t\t<\/div>\n\t\t\t\t\t<\/div>\n\t\t\t\t<\/div>\n\t\t\t\t<\/div>\n\t\t","protected":false},"excerpt":{"rendered":"<p>Awards EBL (Premia\u00e7\u00e3o Anual) EBL de Ouro (Premia\u00e7\u00e3o Mensal)<\/p>\n","protected":false},"author":1,"featured_media":0,"parent":0,"menu_order":0,"comment_status":"closed","ping_status":"closed","template":"","meta":{"footnotes":""},"class_list":["post-807","page","type-page","status-publish","hentry"],"_links":{"self":[{"href":"https:\/\/eblbrasfoot.com\/wikiebl\/wp-json\/wp\/v2\/pages\/807","targetHints":{"allow":["GET"]}}],"collection":[{"href":"https:\/\/eblbrasfoot.com\/wikiebl\/wp-json\/wp\/v2\/pages"}],"about":[{"href":"https:\/\/eblbrasfoot.com\/wikiebl\/wp-json\/wp\/v2\/types\/page"}],"author":[{"embeddable":true,"href":"https:\/\/eblbrasfoot.com\/wikiebl\/wp-json\/wp\/v2\/users\/1"}],"replies":[{"embeddable":true,"href":"https:\/\/eblbrasfoot.com\/wikiebl\/wp-json\/wp\/v2\/comments?post=807"}],"version-history":[{"count":24,"href":"https:\/\/eblbrasfoot.com\/wikiebl\/wp-json\/wp\/v2\/pages\/807\/revisions"}],"predecessor-version":[{"id":1228,"href":"https:\/\/eblbrasfoot.com\/wikiebl\/wp-json\/wp\/v2\/pages\/807\/revisions\/1228"}],"wp:attachment":[{"href":"https:\/\/eblbrasfoot.com\/wikiebl\/wp-json\/wp\/v2\/media?parent=807"}],"curies":[{"name":"wp","href":"https:\/\/api.w.org\/{rel}","templated":true}]}}